{"id":5035,"date":"2022-08-10T16:56:33","date_gmt":"2022-08-10T14:56:33","guid":{"rendered":"https:\/\/www.iscrsymposium.com\/?page_id=5035"},"modified":"2022-12-20T10:44:19","modified_gmt":"2022-12-20T09:44:19","slug":"programme","status":"publish","type":"page","link":"https:\/\/iscrsymposium.org\/es\/programme\/","title":{"rendered":"PROGRAMA"},"content":{"rendered":"<div data-elementor-type=\"wp-page\" data-elementor-id=\"5035\" class=\"elementor elementor-5035\">\n\t\t\t\t\t\t\t\t\t<section class=\"elementor-section elementor-top-section elementor-element elementor-element-789c609 elementor-section-boxed elementor-section-height-default elementor-section-height-default\" data-id=\"789c609\" data-element_type=\"section\">\n\t\t\t\t\t\t<div class=\"elementor-container elementor-column-gap-default\">\n\t\t\t\t\t<div class=\"elementor-column elementor-col-100 elementor-top-column elementor-element elementor-element-374752a\" data-id=\"374752a\" data-element_type=\"column\">\n\t\t\t<div class=\"elementor-widget-wrap elementor-element-populated\">\n\t\t\t\t\t\t\t\t<div class=\"elementor-element elementor-element-95ff4fb elementor-invisible elementor-widget elementor-widget-exhibz-title\" data-id=\"95ff4fb\" data-element_type=\"widget\" data-settings=\"{&quot;_animation&quot;:&quot;slideInUp&quot;,&quot;_animation_delay&quot;:350,&quot;ekit_we_effect_on&quot;:&quot;none&quot;}\" data-widget_type=\"exhibz-title.default\">\n\t\t\t\t<div class=\"elementor-widget-container\">\n\t\t\t\n    <div class=\"title-section-area\">\n        <h2 class=\"section-title\">\n            <span class=\"sub-title\">DETALLES DEL PROGRAMA<\/span>\n\t\t\tPrograma        <\/h2>\n\t\t                    <span class=\"title-shape\">\n                  <svg xmlns='http:\/\/www.w3.org\/2000\/svg' xmlns:xlink='http:\/\/www.w3.org\/1999\/xlink' width='71px' height='11px'> <path fill-rule='evenodd' d='M59.669,10.710 L49.164,3.306 L39.428,10.681 L29.714,3.322 L20.006,10.682 L10.295,3.322 L1.185,10.228 L-0.010,8.578 L10.295,0.765 L20.006,8.125 L29.714,0.765 L39.428,8.125 L49.122,0.781 L59.680,8.223 L69.858,1.192 L70.982,2.895 L59.669,10.710 Z'\/><\/svg>\n            <\/span>\n                    <\/div><!-- Section title -->\n    \n    \n\n    \t\t<\/div>\n\t\t\t\t<\/div>\n\t\t\t\t<div class=\"elementor-element elementor-element-be078a8 elementor-widget elementor-widget-text-editor\" data-id=\"be078a8\" data-element_type=\"widget\" data-settings=\"{&quot;ekit_we_effect_on&quot;:&quot;none&quot;}\" data-widget_type=\"text-editor.default\">\n\t\t\t\t<div class=\"elementor-widget-container\">\n\t\t\t\t\t\t\t<p style=\"text-align: center;\">The 3-day Symposium will started on 5 December 2022, with plenary and breakout sessions until the closing ceremony on 7 December 2022. The programme was developed to respond to key challenges and issues faced by the cocoa sector and especially improving the living conditions of cocoa farmers.<\/p>\t\t\t\t\t\t<\/div>\n\t\t\t\t<\/div>\n\t\t\t\t\t<\/div>\n\t\t<\/div>\n\t\t\t\t\t\t\t<\/div>\n\t\t<\/section>\n\t\t\t\t<section class=\"elementor-section elementor-top-section elementor-element elementor-element-a923492 elementor-section-boxed elementor-section-height-default elementor-section-height-default\" data-id=\"a923492\" data-element_type=\"section\" data-settings=\"{&quot;background_background&quot;:&quot;classic&quot;}\">\n\t\t\t\t\t\t<div class=\"elementor-container elementor-column-gap-default\">\n\t\t\t\t\t<div class=\"elementor-column elementor-col-100 elementor-top-column elementor-element elementor-element-17923e0\" data-id=\"17923e0\" data-element_type=\"column\">\n\t\t\t<div class=\"elementor-widget-wrap elementor-element-populated\">\n\t\t\t\t\t\t\t\t<div class=\"elementor-element elementor-element-d9a742c elementor-widget elementor-widget-heading\" data-id=\"d9a742c\" data-element_type=\"widget\" data-settings=\"{&quot;ekit_we_effect_on&quot;:&quot;none&quot;}\" data-widget_type=\"heading.default\">\n\t\t\t\t<div class=\"elementor-widget-container\">\n\t\t\t<h3 class=\"elementor-heading-title elementor-size-default\">ORAL PRESENTATIONS<\/h3>\t\t<\/div>\n\t\t\t\t<\/div>\n\t\t\t\t<div class=\"elementor-element elementor-element-0aea87a elementor-widget elementor-widget-text-editor\" data-id=\"0aea87a\" data-element_type=\"widget\" data-settings=\"{&quot;ekit_we_effect_on&quot;:&quot;none&quot;}\" data-widget_type=\"text-editor.default\">\n\t\t\t\t<div class=\"elementor-widget-container\">\n\t\t\t\t\t\t\t<p style=\"text-align: center;\">Pulse <a href=\"https:\/\/www.iscrsymposium.com\/oral-presentations\/\">AQU\u00cd<\/a> to access all PDF presentations\u00a0<\/p>\t\t\t\t\t\t<\/div>\n\t\t\t\t<\/div>\n\t\t\t\t\t<\/div>\n\t\t<\/div>\n\t\t\t\t\t\t\t<\/div>\n\t\t<\/section>\n\t\t\t\t<section class=\"elementor-section elementor-top-section elementor-element elementor-element-9b699c1 elementor-section-boxed elementor-section-height-default elementor-section-height-default\" data-id=\"9b699c1\" data-element_type=\"section\" data-settings=\"{&quot;background_background&quot;:&quot;classic&quot;}\">\n\t\t\t\t\t\t<div class=\"elementor-container elementor-column-gap-default\">\n\t\t\t\t\t<div class=\"elementor-column elementor-col-100 elementor-top-column elementor-element elementor-element-8fc0e1b\" data-id=\"8fc0e1b\" data-element_type=\"column\">\n\t\t\t<div class=\"elementor-widget-wrap elementor-element-populated\">\n\t\t\t\t\t\t\t\t<div class=\"elementor-element elementor-element-464be4a elementor-widget elementor-widget-heading\" data-id=\"464be4a\" data-element_type=\"widget\" data-settings=\"{&quot;ekit_we_effect_on&quot;:&quot;none&quot;}\" data-widget_type=\"heading.default\">\n\t\t\t\t<div class=\"elementor-widget-container\">\n\t\t\t<h3 class=\"elementor-heading-title elementor-size-default\">AGENDA<\/h3>\t\t<\/div>\n\t\t\t\t<\/div>\n\t\t\t\t<div class=\"elementor-element elementor-element-2575edd elementor-widget elementor-widget-text-editor\" data-id=\"2575edd\" data-element_type=\"widget\" data-settings=\"{&quot;ekit_we_effect_on&quot;:&quot;none&quot;}\" data-widget_type=\"text-editor.default\">\n\t\t\t\t<div class=\"elementor-widget-container\">\n\t\t\t\t\t\t\t<p style=\"text-align: center;\"><a href=\"https:\/\/www.iscrsymposium.com\/wp-content\/uploads\/2022\/12\/ICCO-ISCR_Programme_ENG_web3.pdf\" target=\"_blank\" rel=\"noopener\">Final Programme English<\/a> | <a href=\"https:\/\/www.iscrsymposium.com\/wp-content\/uploads\/2022\/12\/ICCO-ISCR_Programa_ESP_web3.pdf\" target=\"_blank\" rel=\"noopener\">Programa final en espa\u00f1ol<\/a> | <a href=\"https:\/\/www.iscrsymposium.com\/wp-content\/uploads\/2022\/12\/ICCO-ISCR_Programa_ESP_web3.pdf\" target=\"_blank\" rel=\"noopener\">Programme final en fran\u00e7ais<\/a><\/p>\t\t\t\t\t\t<\/div>\n\t\t\t\t<\/div>\n\t\t\t\t\t<\/div>\n\t\t<\/div>\n\t\t\t\t\t\t\t<\/div>\n\t\t<\/section>\n\t\t\t\t<section class=\"elementor-section elementor-top-section elementor-element elementor-element-6a45cce elementor-section-boxed elementor-section-height-default elementor-section-height-default\" data-id=\"6a45cce\" data-element_type=\"section\" data-settings=\"{&quot;background_background&quot;:&quot;classic&quot;}\">\n\t\t\t\t\t\t<div class=\"elementor-container elementor-column-gap-default\">\n\t\t\t\t\t<div class=\"elementor-column elementor-col-100 elementor-top-column elementor-element elementor-element-9ad90bf\" data-id=\"9ad90bf\" data-element_type=\"column\">\n\t\t\t<div class=\"elementor-widget-wrap elementor-element-populated\">\n\t\t\t\t\t\t\t\t<div class=\"elementor-element elementor-element-e9f3bfd elementor-widget elementor-widget-heading\" data-id=\"e9f3bfd\" data-element_type=\"widget\" data-settings=\"{&quot;ekit_we_effect_on&quot;:&quot;none&quot;}\" data-widget_type=\"heading.default\">\n\t\t\t\t<div class=\"elementor-widget-container\">\n\t\t\t<h3 class=\"elementor-heading-title elementor-size-default\">LIBRO DE RES\u00daMENES<\/h3>\t\t<\/div>\n\t\t\t\t<\/div>\n\t\t\t\t<div class=\"elementor-element elementor-element-2a089f9 elementor-widget elementor-widget-text-editor\" data-id=\"2a089f9\" data-element_type=\"widget\" data-settings=\"{&quot;ekit_we_effect_on&quot;:&quot;none&quot;}\" data-widget_type=\"text-editor.default\">\n\t\t\t\t<div class=\"elementor-widget-container\">\n\t\t\t\t\t\t\t<p style=\"text-align: center;\">Pulse <strong><a href=\"https:\/\/www.iscrsymposium.com\/wp-content\/uploads\/2022\/11\/ISCR2022-Booklet-of-Abstracts.pdf\" target=\"_blank\" rel=\"noopener\">aqu\u00ed<\/a><\/strong> para descargar el <strong><a href=\"https:\/\/www.iscrsymposium.com\/wp-content\/uploads\/2022\/11\/ISCR2022-Booklet-of-Abstracts_2.pdf\" target=\"_blank\" rel=\"noopener\">Folleto de res\u00famenes<\/a><\/strong> de la 2<sup>nd<\/sup> edici\u00f3n del Simposio Internacional sobre Investigaci\u00f3n del Cacao<\/p>\t\t\t\t\t\t<\/div>\n\t\t\t\t<\/div>\n\t\t\t\t\t<\/div>\n\t\t<\/div>\n\t\t\t\t\t\t\t<\/div>\n\t\t<\/section>\n\t\t\t\t<section class=\"elementor-section elementor-top-section elementor-element elementor-element-c17a1b5 elementor-section-boxed elementor-section-height-default elementor-section-height-default\" data-id=\"c17a1b5\" data-element_type=\"section\" data-settings=\"{&quot;background_background&quot;:&quot;classic&quot;}\">\n\t\t\t\t\t\t\t<div class=\"elementor-background-overlay\"><\/div>\n\t\t\t\t\t\t\t<div class=\"elementor-container elementor-column-gap-default\">\n\t\t\t\t\t<div class=\"elementor-column elementor-col-100 elementor-top-column elementor-element elementor-element-6644b2dd\" data-id=\"6644b2dd\" data-element_type=\"column\">\n\t\t\t<div class=\"elementor-widget-wrap elementor-element-populated\">\n\t\t\t\t\t\t\t\t<div class=\"elementor-element elementor-element-7f007795 elementor-invisible elementor-widget elementor-widget-exhibz-title\" data-id=\"7f007795\" data-element_type=\"widget\" data-settings=\"{&quot;_animation&quot;:&quot;fadeInDown&quot;,&quot;_animation_delay&quot;:300,&quot;ekit_we_effect_on&quot;:&quot;none&quot;}\" data-widget_type=\"exhibz-title.default\">\n\t\t\t\t<div class=\"elementor-widget-container\">\n\t\t\t\n    <div class=\"title-section-area\">\n        <h2 class=\"section-title\">\n            <span class=\"sub-title\"><\/span>\n\t\t\tReserve su plaza        <\/h2>\n\t\t                    <span class=\"title-shape\">\n                  <svg xmlns='http:\/\/www.w3.org\/2000\/svg' xmlns:xlink='http:\/\/www.w3.org\/1999\/xlink' width='71px' height='11px'> <path fill-rule='evenodd' d='M59.669,10.710 L49.164,3.306 L39.428,10.681 L29.714,3.322 L20.006,10.682 L10.295,3.322 L1.185,10.228 L-0.010,8.578 L10.295,0.765 L20.006,8.125 L29.714,0.765 L39.428,8.125 L49.122,0.781 L59.680,8.223 L69.858,1.192 L70.982,2.895 L59.669,10.710 Z'\/><\/svg>\n            <\/span>\n                    <\/div><!-- Section title -->\n    \n    \n\n    \t\t<\/div>\n\t\t\t\t<\/div>\n\t\t\t\t<div class=\"elementor-element elementor-element-638d03c3 elementor-align-center elementor-invisible elementor-widget elementor-widget-button\" data-id=\"638d03c3\" data-element_type=\"widget\" data-settings=\"{&quot;_animation&quot;:&quot;fadeInUp&quot;,&quot;_animation_delay&quot;:400,&quot;ekit_we_effect_on&quot;:&quot;none&quot;}\" data-widget_type=\"button.default\">\n\t\t\t\t<div class=\"elementor-widget-container\">\n\t\t\t\t\t<div class=\"elementor-button-wrapper\">\n\t\t\t<a class=\"elementor-button elementor-button-link elementor-size-md\" href=\"http:\/\/www.iscrsymposium.com\/#pricing\">\n\t\t\t\t\t\t<span class=\"elementor-button-content-wrapper\">\n\t\t\t\t\t\t<span class=\"elementor-button-text\">INSCR\u00cdBASE AHORA<\/span>\n\t\t<\/span>\n\t\t\t\t\t<\/a>\n\t\t<\/div>\n\t\t\t\t<\/div>\n\t\t\t\t<\/div>\n\t\t\t\t\t<\/div>\n\t\t<\/div>\n\t\t\t\t\t\t\t<\/div>\n\t\t<\/section>\n\t\t\t\t<section class=\"elementor-section elementor-top-section elementor-element elementor-element-9f2a90d ts-newsletter elementor-section-boxed elementor-section-height-default elementor-section-height-default\" data-id=\"9f2a90d\" data-element_type=\"section\">\n\t\t\t\t\t\t<div class=\"elementor-container elementor-column-gap-default\">\n\t\t\t\t\t<div class=\"elementor-column elementor-col-100 elementor-top-column elementor-element elementor-element-065ecb9\" data-id=\"065ecb9\" data-element_type=\"column\" data-settings=\"{&quot;background_background&quot;:&quot;classic&quot;}\">\n\t\t\t<div class=\"elementor-widget-wrap elementor-element-populated\">\n\t\t\t\t\t<div class=\"elementor-background-overlay\"><\/div>\n\t\t\t\t\t\t\t\t<div class=\"elementor-element elementor-element-5bd8578 elementor-widget elementor-widget-heading\" data-id=\"5bd8578\" data-element_type=\"widget\" data-settings=\"{&quot;ekit_we_effect_on&quot;:&quot;none&quot;}\" data-widget_type=\"heading.default\">\n\t\t\t\t<div class=\"elementor-widget-container\">\n\t\t\t<h2 class=\"elementor-heading-title elementor-size-default\">Para estar informado sobre toda actualizaci\u00f3n referente al evento, a\u00f1ada sus datos a nuestra lista de correo, haciendo clic aqu\u00ed<\/h2>\t\t<\/div>\n\t\t\t\t<\/div>\n\t\t\t\t<div class=\"elementor-element elementor-element-f7e9335 elementor-widget elementor-widget-heading\" data-id=\"f7e9335\" data-element_type=\"widget\" data-settings=\"{&quot;ekit_we_effect_on&quot;:&quot;none&quot;}\" data-widget_type=\"heading.default\">\n\t\t\t\t<div class=\"elementor-widget-container\">\n\t\t\t<h2 class=\"elementor-heading-title elementor-size-default\">Actualizaciones sobre el evento<\/h2>\t\t<\/div>\n\t\t\t\t<\/div>\n\t\t\t\t<div class=\"elementor-element elementor-element-8b62e84 elementor-widget elementor-widget-wp-widget-mc4wp_form_widget\" data-id=\"8b62e84\" data-element_type=\"widget\" data-settings=\"{&quot;ekit_we_effect_on&quot;:&quot;none&quot;}\" data-widget_type=\"wp-widget-mc4wp_form_widget.default\">\n\t\t\t\t<div class=\"elementor-widget-container\">\n\t\t\t<script>(function() {\n\twindow.mc4wp = window.mc4wp || {\n\t\tlisteners: [],\n\t\tforms: {\n\t\t\ton: function(evt, cb) {\n\t\t\t\twindow.mc4wp.listeners.push(\n\t\t\t\t\t{\n\t\t\t\t\t\tevent   : evt,\n\t\t\t\t\t\tcallback: cb\n\t\t\t\t\t}\n\t\t\t\t);\n\t\t\t}\n\t\t}\n\t}\n})();\n<\/script><!-- Mailchimp for WordPress v4.9.10 - https:\/\/wordpress.org\/plugins\/mailchimp-for-wp\/ --><form id=\"mc4wp-form-1\" class=\"mc4wp-form mc4wp-form-415\" method=\"post\" data-id=\"415\" data-name=\"\" action=\"\" ><div class=\"mc4wp-form-fields\"><div class=\"newsletter-form clearfix\">\r\n   <div class=\"form-group\">\r\n    <input type=\"email\" name=\"EMAIL\" id=\"newsletter-form-email\" class=\"form-control form-control-lg\" placeholder=\"Su correo electr\u00f3nico\" required \/>\r\n     <input class=\"d-flex btn btn-primary\" type=\"submit\" value=\"subscribirse\">\r\n   <\/div>\r\n   <\/div><\/div><label style=\"display: none !important;\">Deja vac\u00edo este campo si eres humano: <input type=\"text\" name=\"_mc4wp_honeypot\" value=\"\" tabindex=\"-1\" autocomplete=\"off\" \/><\/label><input type=\"hidden\" name=\"_mc4wp_timestamp\" value=\"1775774684\" \/><input type=\"hidden\" name=\"_mc4wp_form_id\" value=\"415\" \/><input type=\"hidden\" name=\"_mc4wp_form_element_id\" value=\"mc4wp-form-1\" \/><div class=\"mc4wp-response\"><\/div><input type=\"hidden\" name=\"trp-form-language\" value=\"es\"\/><\/form><!-- \/ Mailchimp for WordPress Plugin -->\t\t<\/div>\n\t\t\t\t<\/div>\n\t\t\t\t\t<\/div>\n\t\t<\/div>\n\t\t\t\t\t\t\t<\/div>\n\t\t<\/section>\n\t\t\t\t\t\t\t<\/div>","protected":false},"excerpt":{"rendered":"<p>PROGRAM DETAILS Schedule The 3-day Symposium will started on 5 December 2022, with plenary and breakout sessions until the closing ceremony on 7 December 2022. The programme was developed to respond to key challenges and issues faced by the cocoa sector and especially improving the living conditions of cocoa farmers. ORAL PRESENTATIONS Click HERE to [&hellip;]<\/p>","protected":false},"author":3,"featured_media":0,"parent":0,"menu_order":0,"comment_status":"closed","ping_status":"closed","template":"template\/full-width-template.php","meta":{"footnotes":""},"yoast_head":"<!-- This site is optimized with the Yoast SEO plugin v21.7 - https:\/\/yoast.com\/wordpress\/plugins\/seo\/ -->\n<title>Programme - ISCR Symposium<\/title>\n<meta name=\"description\" content=\"Programme of the International Symposium on Cocoa Research 2022\" \/>\n<meta name=\"robots\" content=\"index, follow, max-snippet:-1, max-image-preview:large, max-video-preview:-1\" \/>\n<link rel=\"canonical\" href=\"https:\/\/iscrsymposium.org\/es\/programme\/\" \/>\n<meta property=\"og:locale\" content=\"es_ES\" \/>\n<meta property=\"og:type\" content=\"article\" \/>\n<meta property=\"og:title\" content=\"Programme - ISCR Symposium\" \/>\n<meta property=\"og:description\" content=\"Programme of the International Symposium on Cocoa Research 2022\" \/>\n<meta property=\"og:url\" content=\"https:\/\/iscrsymposium.org\/es\/programme\/\" \/>\n<meta property=\"og:site_name\" content=\"ISCR Symposium\" \/>\n<meta property=\"article:modified_time\" content=\"2022-12-20T09:44:19+00:00\" \/>\n<meta name=\"twitter:card\" content=\"summary_large_image\" \/>\n<meta name=\"twitter:title\" content=\"ISCR 2022 Programme\" \/>\n<meta name=\"twitter:description\" content=\"Programme of the International Symposium on Cocoa Research 2022\" \/>\n<meta name=\"twitter:image\" content=\"https:\/\/iscrsymposium.org\/wp-content\/uploads\/2022\/08\/ISCR_Squarejpg.jpg\" \/>\n<meta name=\"twitter:label1\" content=\"Tiempo de lectura\" \/>\n\t<meta name=\"twitter:data1\" content=\"1 minuto\" \/>\n<script type=\"application\/ld+json\" class=\"yoast-schema-graph\">{\"@context\":\"https:\/\/schema.org\",\"@graph\":[{\"@type\":\"WebPage\",\"@id\":\"https:\/\/iscrsymposium.org\/programme\/\",\"url\":\"https:\/\/iscrsymposium.org\/programme\/\",\"name\":\"Programme - ISCR Symposium\",\"isPartOf\":{\"@id\":\"https:\/\/iscrsymposium.org\/#website\"},\"datePublished\":\"2022-08-10T14:56:33+00:00\",\"dateModified\":\"2022-12-20T09:44:19+00:00\",\"description\":\"Programme of the International Symposium on Cocoa Research 2022\",\"breadcrumb\":{\"@id\":\"https:\/\/iscrsymposium.org\/programme\/#breadcrumb\"},\"inLanguage\":\"es\",\"potentialAction\":[{\"@type\":\"ReadAction\",\"target\":[\"https:\/\/iscrsymposium.org\/programme\/\"]}]},{\"@type\":\"BreadcrumbList\",\"@id\":\"https:\/\/iscrsymposium.org\/programme\/#breadcrumb\",\"itemListElement\":[{\"@type\":\"ListItem\",\"position\":1,\"name\":\"Home\",\"item\":\"https:\/\/iscrsymposium.org\/\"},{\"@type\":\"ListItem\",\"position\":2,\"name\":\"Programme\"}]},{\"@type\":\"WebSite\",\"@id\":\"https:\/\/iscrsymposium.org\/#website\",\"url\":\"https:\/\/iscrsymposium.org\/\",\"name\":\"ISCR Symposium\",\"description\":\"International Symposium on Cocoa Research\",\"publisher\":{\"@id\":\"https:\/\/iscrsymposium.org\/#organization\"},\"potentialAction\":[{\"@type\":\"SearchAction\",\"target\":{\"@type\":\"EntryPoint\",\"urlTemplate\":\"https:\/\/iscrsymposium.org\/?s={search_term_string}\"},\"query-input\":\"required name=search_term_string\"}],\"inLanguage\":\"es\"},{\"@type\":\"Organization\",\"@id\":\"https:\/\/iscrsymposium.org\/#organization\",\"name\":\"ISCR Symposium\",\"url\":\"https:\/\/iscrsymposium.org\/\",\"logo\":{\"@type\":\"ImageObject\",\"inLanguage\":\"es\",\"@id\":\"https:\/\/iscrsymposium.org\/#\/schema\/logo\/image\/\",\"url\":\"https:\/\/iscrsymposium.org\/wp-content\/uploads\/2020\/10\/logo-iscr-new-1.png\",\"contentUrl\":\"https:\/\/iscrsymposium.org\/wp-content\/uploads\/2020\/10\/logo-iscr-new-1.png\",\"width\":194,\"height\":108,\"caption\":\"ISCR Symposium\"},\"image\":{\"@id\":\"https:\/\/iscrsymposium.org\/#\/schema\/logo\/image\/\"}}]}<\/script>\n<!-- \/ Yoast SEO plugin. -->","yoast_head_json":{"title":"Programme - ISCR Symposium","description":"Programme of the International Symposium on Cocoa Research 2022","robots":{"index":"index","follow":"follow","max-snippet":"max-snippet:-1","max-image-preview":"max-image-preview:large","max-video-preview":"max-video-preview:-1"},"canonical":"https:\/\/iscrsymposium.org\/es\/programme\/","og_locale":"es_ES","og_type":"article","og_title":"Programme - ISCR Symposium","og_description":"Programme of the International Symposium on Cocoa Research 2022","og_url":"https:\/\/iscrsymposium.org\/es\/programme\/","og_site_name":"ISCR Symposium","article_modified_time":"2022-12-20T09:44:19+00:00","twitter_card":"summary_large_image","twitter_title":"ISCR 2022 Programme","twitter_description":"Programme of the International Symposium on Cocoa Research 2022","twitter_image":"https:\/\/iscrsymposium.org\/wp-content\/uploads\/2022\/08\/ISCR_Squarejpg.jpg","twitter_misc":{"Tiempo de lectura":"1 minuto"},"schema":{"@context":"https:\/\/schema.org","@graph":[{"@type":"WebPage","@id":"https:\/\/iscrsymposium.org\/programme\/","url":"https:\/\/iscrsymposium.org\/programme\/","name":"Programme - ISCR Symposium","isPartOf":{"@id":"https:\/\/iscrsymposium.org\/#website"},"datePublished":"2022-08-10T14:56:33+00:00","dateModified":"2022-12-20T09:44:19+00:00","description":"Programme of the International Symposium on Cocoa Research 2022","breadcrumb":{"@id":"https:\/\/iscrsymposium.org\/programme\/#breadcrumb"},"inLanguage":"es","potentialAction":[{"@type":"ReadAction","target":["https:\/\/iscrsymposium.org\/programme\/"]}]},{"@type":"BreadcrumbList","@id":"https:\/\/iscrsymposium.org\/programme\/#breadcrumb","itemListElement":[{"@type":"ListItem","position":1,"name":"Home","item":"https:\/\/iscrsymposium.org\/"},{"@type":"ListItem","position":2,"name":"Programme"}]},{"@type":"WebSite","@id":"https:\/\/iscrsymposium.org\/#website","url":"https:\/\/iscrsymposium.org\/","name":"ISCR Symposium","description":"International Symposium on Cocoa Research","publisher":{"@id":"https:\/\/iscrsymposium.org\/#organization"},"potentialAction":[{"@type":"SearchAction","target":{"@type":"EntryPoint","urlTemplate":"https:\/\/iscrsymposium.org\/?s={search_term_string}"},"query-input":"required name=search_term_string"}],"inLanguage":"es"},{"@type":"Organization","@id":"https:\/\/iscrsymposium.org\/#organization","name":"ISCR Symposium","url":"https:\/\/iscrsymposium.org\/","logo":{"@type":"ImageObject","inLanguage":"es","@id":"https:\/\/iscrsymposium.org\/#\/schema\/logo\/image\/","url":"https:\/\/iscrsymposium.org\/wp-content\/uploads\/2020\/10\/logo-iscr-new-1.png","contentUrl":"https:\/\/iscrsymposium.org\/wp-content\/uploads\/2020\/10\/logo-iscr-new-1.png","width":194,"height":108,"caption":"ISCR Symposium"},"image":{"@id":"https:\/\/iscrsymposium.org\/#\/schema\/logo\/image\/"}}]}},"_links":{"self":[{"href":"https:\/\/iscrsymposium.org\/es\/wp-json\/wp\/v2\/pages\/5035"}],"collection":[{"href":"https:\/\/iscrsymposium.org\/es\/wp-json\/wp\/v2\/pages"}],"about":[{"href":"https:\/\/iscrsymposium.org\/es\/wp-json\/wp\/v2\/types\/page"}],"author":[{"embeddable":true,"href":"https:\/\/iscrsymposium.org\/es\/wp-json\/wp\/v2\/users\/3"}],"replies":[{"embeddable":true,"href":"https:\/\/iscrsymposium.org\/es\/wp-json\/wp\/v2\/comments?post=5035"}],"version-history":[{"count":210,"href":"https:\/\/iscrsymposium.org\/es\/wp-json\/wp\/v2\/pages\/5035\/revisions"}],"predecessor-version":[{"id":5873,"href":"https:\/\/iscrsymposium.org\/es\/wp-json\/wp\/v2\/pages\/5035\/revisions\/5873"}],"wp:attachment":[{"href":"https:\/\/iscrsymposium.org\/es\/wp-json\/wp\/v2\/media?parent=5035"}],"curies":[{"name":"wp","href":"https:\/\/api.w.org\/{rel}","templated":true}]}}